{"id":3,"date":"2009-10-28T13:25:17","date_gmt":"2009-10-28T18:25:17","guid":{"rendered":"http:\/\/francia.pro\/?page_id=3"},"modified":"2017-10-09T13:31:28","modified_gmt":"2017-10-09T18:31:28","slug":"home","status":"publish","type":"page","link":"https:\/\/carvalu.com\/","title":{"rendered":"Welcome to Carvalu.com\u2122!"},"content":{"rendered":"<p><strong>Imagine . . .<\/strong>online auctions that quickly provide the <strong>scientifically calculated<\/strong> genuine current monetary <strong>worth<\/strong> of the objects offered for sale, independent of their listed <strong>prices<\/strong> or <strong>&#8222;market&#8221; values<\/strong>!<\/p>\n<p>Or search engines and shopping guides that <strong>instantly<\/strong> tell you the accurately calculated best-to-worst ranking of anything you want . . . giving you <strong>not a subjective <em>opinion<\/em><\/strong>, or the combined <em>views<\/em> of many (inevitably biased) amateurs&#8217; and\/or (necessarily prejudiced) experts&#8217;, but <strong>your very own suddenly ideally educated judgment !<\/strong><\/p>\n<p>Incredible?<\/p>\n<p>Of course.<\/p>\n<p>Just like flying and television had been prior to their invention. <strong><a href=\"http:\/\/carvalu.com\/?page_id=7\">Non-Subjective Valuing<sup>\u00ae<\/sup><\/a><\/strong> provides the <strong>Unopinion\u2122<\/strong>, and not approximately, but <strong>exactly<\/strong>.<\/p>\n<p>That is the inevitable future of the New Economy: the instant, optimal education of the Consumer . . . that can only be done on the Net, and only by <strong><a href=\"http:\/\/carvalu.com\/?page_id=7\">Non-Subjective Valuing<sup>\u00ae<\/sup><\/a><\/strong><\/p>\n<p>We are not a buying service. Carvalu.com\u2122 is the first and only scientific decision guide that does what in our opinion all buying guides should do&#8230; but do not and cannot: accurately and exactly distinguish genuine monetary WORTH from market PRICE.<\/p>\n<p>We enable consumers (and dealers and manufacturers) to quickly make decisions based on optimal, relevant, personal, instant and full knowledge and understanding. Ergo, in our view, <strong><a href=\"http:\/\/carvalu.com\/?page_id=7\">Non-Subjective Valuing<sup>\u00ae<\/sup><\/a><\/strong> makes all other valuing methods instantly and hopelessly obsolete, by having been proven to be greatly superior to all existing buying guides. Other shopping advisors are partial, imprecise, and employ vague and perplexing measuring methods.<\/p>\n<p>In contrast, at last, with <strong><a href=\"http:\/\/carvalu.com\/?page_id=7\">Non-Subjective Valuing<sup>\u00ae<\/sup><\/a><\/strong> you are the judge, at once immediately armed with optimal, fully understood, quantified information: a scientific way of rapidly and easily comparing one vehicle with another on their respective, genuine exact monetary values!<\/p>\n<p>We fully appreciate your doubts: we know it just sounds too good to be true&#8230; But, for once, it isn&#8217;t.<\/p>\n<p>So welcome to the 21st century, and to <strong><a href=\"http:\/\/carvalu.com\/?page_id=7\">Non-Subjective Valuing<sup>\u00ae<\/sup><\/a><\/strong>, the accurate and immediate Decision Guide that is of the people, by the people and for the people: the nightmare of ad agencies, clever salesmen&#8230; and other shopping guides!<\/p>\n<p><strong>Magyar l\u00e1togat\u00f3inknak : <\/strong><\/p>\n<p>Carvalu.com\u2122 az els\u0151 \u00e9s egyed\u00fcl\u00e1ll\u00f3 fel\u00e9rt\u00e9kel\u0151rendszer, amelyik felhaszn\u00e1lva a <strong><a href=\"http:\/\/carvalu.com\/?page_id=7\">Non-Subjective Valuing<sup>\u00ae<\/sup><\/a><\/strong> tudom\u00e1ny\u00e1t, objekt\u00edven adja meg egy aut\u00f3 igazi \u00e9rt\u00e9k\u00e9t, az \u00e1r\u00e1t\u00f3l f\u00fcggetlen\u00fcl, \u00edgy megk\u00f6nnyitve az \u00d6n v\u00e1laszt\u00e1s\u00e1t. A rendszerben egy t\u00f6k\u00e9letes becs\u0171s lakozik, aki mindent, amit tudni lehet, tud az aut\u00f3kr\u00f3l, \u00e9s a vel\u00fck kapcsolatos t\u00e9nyekr\u0151l.<\/p>\n<p>Tal\u00e1n a legjobb \u00f6sszehasonl\u00edtani rendszer\u00fcnket azzal az IBM sakk-sz\u00e1m\u00edt\u00f3g\u00e9ppel, amely megverte a vil\u00e1gbajnok Kasparovot.<\/p>\n<p>A Carvalu.com\u2122-hoz k\u00e9pest minden m\u00e1s aut\u00f3v\u00e1s\u00e1rl\u00e1si tan\u00e1csad\u00f3 rem\u00e9nytelen\u00fcl elavult \u00e9s \u00e9rt\u00e9ktelen.<\/p>\n<p>Rendszer\u00fcnk t\u00e9nylegesen a rafin\u00e1lt elad\u00f3k \u00e9s a f\u00e9lrevezet\u0151 hirdet\u00e9seket gy\u00e1rt\u00f3 rekl\u00e1mszakemberek l\u00e1z\u00e1lma.<\/p>\n<p>\u00d6n nyer. \u0150k vesztenek.<\/p>\n<p>U.m.<\/p>\n<p><em>what car, car specs, car chooser, automobile selector, help for car choosing, choose intelligently, intelligent auto choice advisor, fair car evaluator, supermini automobiles, independent car guide, independent automobile guide, best auto evaluator, abc, bbc, cbc, wise buyer, help automobile, ask and you will receive car advice, what car to buy, worth and price, price and value, swimming against the tide, magyarul, aut\u00f3t venn\u00e9l, aut\u00f3t venn\u00e9k, bolondit\u00e1smentess\u00e9g auto, kiskocsik, nagykocsik, j\u00f3 kocsik, rossz kocsik, t\u00e9nyek aut\u00f3, auto facts, auto news, kocsi h\u00edrek, j\u00f3l j\u00e1rsz auto, online automobile paper, the truth about superminis, the truth about cars, blue book, green book, gold book, Europe auto guide, small cars guide, motor point, auto point, car point, true view auto, auto shop, save money automobile, save money cars, auto express, autocar, auto route, max auto, auto buyer advice, auto buyers guide, credible auto evaluation, trustworthy car comparison, expert auto valuing, usable car advice, supermini news, mudd, theautoappraiser, carvaluesplus, accuratevalue, autosorg, autos, autosomni, europeauto, europeautoappraiser, superminivalues, supermini auto values, consumer protection automobile, consumer first auto, no ads auto, no influencing buyers auto, intelligent choice auto, honest advice auto, Outfoxing Capitalism auto, Winning auto, Beating the salesman auto, Beating the system auto, Tan\u00e1cs r\u00e9szrehajl\u00e1s n\u00e9lk\u00fcl auto, Objektivit\u00e1s auto, Elad\u00f3 h\u00e1tr\u00e1nyban auto, Vev\u0151 el\u0151nyben auto, Salesman in trouble auto, Customer wins auto, False ads end auto, Death of false ads auto, Know what you are doing auto, What is the best car for me, What\u2019s best for me auto, Honest advice automobiles, Honest advice cars, Hasznos tan\u00e1cs aut\u00f3k, Trust automobiles, J\u00f3l j\u00e1r kocsi, Fare well with us auto, J\u00f3l j\u00e1r aut\u00f3, What car, Car advice, Which auto, Auto safety advice, Buyer\u2019s market auto, Safe purchase auto, Csodav\u00e1s\u00e1rl\u00e1si lehet s\u00e9g auto, Honest valuing auto, You are the boss auto, You choose auto, Why not the best auto, Honest information auto, edmund, Nincs lehetetlen auto, Nothing is impossible auto, New idea auto, usaautoappraiser, cobalt, supermini channel, verde, supermini buyer, save gas, comparo car, comparo auto, compare superminis, comparison scientific superminis, \u00f6sszehasonl\u00edt\u00e1s tudom\u00e1nyos alapon kocsik, europeauto, europeautoappraiser, superminivalues, supermini car values, consumer protection auto, Milton Friedman auto, Potential Nobel Prize Candidate Non-Subjective Valuing auto, consumer first auto, no ads auto, no influencing buyers auto, intelligent choice auto, honest advice auto, Outfoxing Capitalism auto, Winning auto, Beating the salesman auto, Beating the system auto, Tan\u00e1cs r\u00e9szrehajl\u00e1s n\u00e9lk\u00fcl auto, Objektivit\u00e1s auto, Elad\u00f3 h\u00e1tr\u00e1nyban auto, Vev el nyben auto, Salesman in trouble auto, Customer wins auto, False ads end auto, Death of false ads auto, Know what you are doing auto, What is the best car for me, What\u2019s best for me auto, Honest advice automobiles, Honest advice cars, Hasznos tan\u00e1cs aut\u00f3k, Trust automobiles, J\u00f3l j\u00e1r kocsi, Fare well with us auto, Vel\u00fcnk j\u00f3l j\u00e1r, Yes, yes and yes auto, What car, Car advice, Which auto, Auto safety advice, Buyer\u2019s market auto, Safe purchase auto, Csodav\u00e1s\u00e1rl\u00e1si lehet\u0151s\u00e9g auto, Honest valuing auto, You are the boss auto, You choose auto, Why not the best auto, Honest information auto, Nincs lehetetlen auto, Nothing is impossible auto, New idea auto, usaautoappraiser, cobalt, supermini channel, verde, supermini buyer, save gas, comparo car, comparo auto, compare superminis, comparison scientific superminis, \u00f6sszehasonl\u00edt\u00e1s tudom\u00e1nyos alapon kocsik NA L\u00c1TOD!<br \/>\nsuv price comparison<br \/>\nphp and adovb.inc<br \/>\nadovbs.inc money<br \/>\nauto evaluations<br \/>\nbest new car for the dollar<br \/>\nauto-evaluations<br \/>\nbest car values<br \/>\ntrue value car price<br \/>\n<\/em><\/p>\n","protected":false},"excerpt":{"rendered":"<p>Imagine . . .online auctions that quickly provide the scientifically calculated genuine current monetary worth of the objects offered for sale, independent of their listed prices or &#8222;market&#8221; values! Or search engines and shopping guides that instantly tell you the accurately calculated best-to-worst ranking of anything you want . . . giving you not a [&hellip;]<\/p>\n","protected":false},"author":1,"featured_media":0,"parent":0,"menu_order":0,"comment_status":"closed","ping_status":"open","template":"","meta":{"footnotes":""},"_links":{"self":[{"href":"https:\/\/carvalu.com\/index.php?rest_route=\/wp\/v2\/pages\/3"}],"collection":[{"href":"https:\/\/carvalu.com\/index.php?rest_route=\/wp\/v2\/pages"}],"about":[{"href":"https:\/\/carvalu.com\/index.php?rest_route=\/wp\/v2\/types\/page"}],"author":[{"embeddable":true,"href":"https:\/\/carvalu.com\/index.php?rest_route=\/wp\/v2\/users\/1"}],"replies":[{"embeddable":true,"href":"https:\/\/carvalu.com\/index.php?rest_route=%2Fwp%2Fv2%2Fcomments&post=3"}],"version-history":[{"count":22,"href":"https:\/\/carvalu.com\/index.php?rest_route=\/wp\/v2\/pages\/3\/revisions"}],"predecessor-version":[{"id":216,"href":"https:\/\/carvalu.com\/index.php?rest_route=\/wp\/v2\/pages\/3\/revisions\/216"}],"wp:attachment":[{"href":"https:\/\/carvalu.com\/index.php?rest_route=%2Fwp%2Fv2%2Fmedia&parent=3"}],"curies":[{"name":"wp","href":"https:\/\/api.w.org\/{rel}","templated":true}]}}